{"id":600,"date":"2023-08-16T10:53:19","date_gmt":"2023-08-16T13:53:19","guid":{"rendered":"https:\/\/casadaluva.com.br\/index\/produto\/extensor-para-rolo-de-pintura-c-ajuste-ate-2m\/"},"modified":"2026-04-11T10:13:54","modified_gmt":"2026-04-11T13:13:54","slug":"extensor-para-rolo-de-pintura-c-ajuste-ate-2m","status":"publish","type":"product","link":"https:\/\/casadaluva.com.br\/index\/produto\/extensor-para-rolo-de-pintura-c-ajuste-ate-2m\/","title":{"rendered":"EXTENSOR PARA ROLO DE PINTURA C\/ AJUSTE ATE 2M"},"content":{"rendered":"<p>Prolongador\/Extensor Telesc\u00f3pico Para Pintura 2M &#8211; Atlas<br \/>Prolongadores em estrutura de chapa met\u00e1lica revestida, extens\u00edvel e ajust\u00e1vel at\u00e9 2 metros.<br \/>Utilizado para maior alcance com garfos de pintura com ou sem rosca em locais de dif\u00edcil acesso.<br \/>Utilizado para maior alcance com garfos de pintura com ou sem rosca em locais de dif\u00edcil acesso.<br \/>Material: Metal Comprimento: 2 m Largura: 3 cm Espessura: 3 cm C\u00f3digo de barras:\u00a07896380170586 Refer\u00eancia do fabricante: 1600 *Imagem meramente ilustrativa *Todas as informa\u00e7\u00f5es divulgadas s\u00e3o de responsabilidade do fabricante e\/ou fornecedor.<br \/>OBS: N\u00e3o utilizar perto de redes el\u00e9tricas.<br \/>Risco de morte !<\/p>\n","protected":false},"excerpt":{"rendered":"<p>Prolongador\/Extensor Telesc\u00f3pico Para Pintura 2M &#8211; AtlasProlongadores em estrutura de chapa met\u00e1lica revestida, extens\u00edvel e ajust\u00e1vel at\u00e9 2 metros.Utilizado para maior alcance com garfos de pintura<span class=\"excerpt-hellip\"> [\u2026]<\/span><\/p>\n","protected":false},"featured_media":887,"template":"","meta":{"_joinchat":[]},"product_brand":[],"product_cat":[35],"product_tag":[],"class_list":{"0":"post-600","1":"product","2":"type-product","3":"status-publish","4":"has-post-thumbnail","6":"product_cat-obras","8":"first","9":"instock","10":"shipping-taxable","11":"purchasable","12":"product-type-simple"},"_links":{"self":[{"href":"https:\/\/casadaluva.com.br\/index\/wp-json\/wp\/v2\/product\/600","targetHints":{"allow":["GET"]}}],"collection":[{"href":"https:\/\/casadaluva.com.br\/index\/wp-json\/wp\/v2\/product"}],"about":[{"href":"https:\/\/casadaluva.com.br\/index\/wp-json\/wp\/v2\/types\/product"}],"wp:featuredmedia":[{"embeddable":true,"href":"https:\/\/casadaluva.com.br\/index\/wp-json\/wp\/v2\/media\/887"}],"wp:attachment":[{"href":"https:\/\/casadaluva.com.br\/index\/wp-json\/wp\/v2\/media?parent=600"}],"wp:term":[{"taxonomy":"product_brand","embeddable":true,"href":"https:\/\/casadaluva.com.br\/index\/wp-json\/wp\/v2\/product_brand?post=600"},{"taxonomy":"product_cat","embeddable":true,"href":"https:\/\/casadaluva.com.br\/index\/wp-json\/wp\/v2\/product_cat?post=600"},{"taxonomy":"product_tag","embeddable":true,"href":"https:\/\/casadaluva.com.br\/index\/wp-json\/wp\/v2\/product_tag?post=600"}],"curies":[{"name":"wp","href":"https:\/\/api.w.org\/{rel}","templated":true}]}}