{"id":602,"date":"2023-08-16T10:54:26","date_gmt":"2023-08-16T13:54:26","guid":{"rendered":"https:\/\/casadaluva.com.br\/index\/produto\/broxa-retangular-fios-sinteticos-18-x-8cm\/"},"modified":"2026-04-11T10:13:54","modified_gmt":"2026-04-11T13:13:54","slug":"broxa-retangular-fios-sinteticos-18-x-8cm","status":"publish","type":"product","link":"https:\/\/casadaluva.com.br\/index\/produto\/broxa-retangular-fios-sinteticos-18-x-8cm\/","title":{"rendered":"BROXA RETANGULAR FIOS SINTETICOS 18 X 8CM"},"content":{"rendered":"<p>Nome: Broxa Retangular 18 x 8cm Atlas<br \/>C\u00f3digo: 49919<\/p>\n<p>Descri\u00e7\u00e3o:<br \/>Broxa com cabo pl\u00e1stico e monofilamento bicolor 80 x 85 x 200mm &#8211; Ref: 800\/1<br \/>Broxa 8 x 8,5cm com cabo pl\u00e1stico e monofilamento bicolor.<br \/>Indica\u00e7\u00e3o: Ideal para pinturas com cal e limpezas gerais.<\/p>\n","protected":false},"excerpt":{"rendered":"<p>Nome: Broxa Retangular 18 x 8cm AtlasC\u00f3digo: 49919 Descri\u00e7\u00e3o:Broxa com cabo pl\u00e1stico e monofilamento bicolor 80 x 85 x 200mm &#8211; Ref: 800\/1Broxa 8 x 8,5cm<span class=\"excerpt-hellip\"> [\u2026]<\/span><\/p>\n","protected":false},"featured_media":858,"template":"","meta":{"_joinchat":[]},"product_brand":[],"product_cat":[35],"product_tag":[],"class_list":{"0":"post-602","1":"product","2":"type-product","3":"status-publish","4":"has-post-thumbnail","6":"product_cat-obras","8":"first","9":"outofstock","10":"shipping-taxable","11":"purchasable","12":"product-type-simple"},"_links":{"self":[{"href":"https:\/\/casadaluva.com.br\/index\/wp-json\/wp\/v2\/product\/602","targetHints":{"allow":["GET"]}}],"collection":[{"href":"https:\/\/casadaluva.com.br\/index\/wp-json\/wp\/v2\/product"}],"about":[{"href":"https:\/\/casadaluva.com.br\/index\/wp-json\/wp\/v2\/types\/product"}],"wp:featuredmedia":[{"embeddable":true,"href":"https:\/\/casadaluva.com.br\/index\/wp-json\/wp\/v2\/media\/858"}],"wp:attachment":[{"href":"https:\/\/casadaluva.com.br\/index\/wp-json\/wp\/v2\/media?parent=602"}],"wp:term":[{"taxonomy":"product_brand","embeddable":true,"href":"https:\/\/casadaluva.com.br\/index\/wp-json\/wp\/v2\/product_brand?post=602"},{"taxonomy":"product_cat","embeddable":true,"href":"https:\/\/casadaluva.com.br\/index\/wp-json\/wp\/v2\/product_cat?post=602"},{"taxonomy":"product_tag","embeddable":true,"href":"https:\/\/casadaluva.com.br\/index\/wp-json\/wp\/v2\/product_tag?post=602"}],"curies":[{"name":"wp","href":"https:\/\/api.w.org\/{rel}","templated":true}]}}