{"id":611,"date":"2023-08-16T11:00:33","date_gmt":"2023-08-16T14:00:33","guid":{"rendered":"https:\/\/casadaluva.com.br\/index\/produto\/espuma-em-bloco-13-x-20-x-6cm\/"},"modified":"2026-04-11T10:29:35","modified_gmt":"2026-04-11T13:29:35","slug":"espuma-em-bloco-13-x-20-x-6cm","status":"publish","type":"product","link":"https:\/\/casadaluva.com.br\/index\/produto\/espuma-em-bloco-13-x-20-x-6cm\/","title":{"rendered":"ESPUMA EM BLOCO 13 X 20 X 6CM"},"content":{"rendered":"<p>Diversas fun\u00e7\u00f5es num s\u00f3 produto. Indicada tanto para em reboco e massa fina, quanto dar aquele brilho no seu carro e limpezas em geral, esta espuma \u00e9 perfeita. Ela n\u00e3o arranha a enquanto passa, e sim limpa, perfeita para diversos tipos de superf\u00edcies.<br \/>Multi\u00faso, ela ser\u00e1 uma aliada de quem procura praticidade no seu dia-a-dia.<br \/>Cor: Amarelo<br \/>Largura: 13,00 cm<br \/>Altura: 6,00 cm<br \/>Profundidade: 20,00 cm<br \/>Peso: 0,03 kg<br \/>Peso Embalado: 0,03 kg<\/p>\n","protected":false},"excerpt":{"rendered":"<p>Diversas fun\u00e7\u00f5es num s\u00f3 produto. Indicada tanto para em reboco e massa fina, quanto dar aquele brilho no seu carro e limpezas em geral, esta espuma<span class=\"excerpt-hellip\"> [\u2026]<\/span><\/p>\n","protected":false},"featured_media":861,"template":"","meta":{"_joinchat":[]},"product_brand":[],"product_cat":[35],"product_tag":[],"class_list":{"0":"post-611","1":"product","2":"type-product","3":"status-publish","4":"has-post-thumbnail","6":"product_cat-obras","8":"first","9":"outofstock","10":"shipping-taxable","11":"purchasable","12":"product-type-simple"},"_links":{"self":[{"href":"https:\/\/casadaluva.com.br\/index\/wp-json\/wp\/v2\/product\/611","targetHints":{"allow":["GET"]}}],"collection":[{"href":"https:\/\/casadaluva.com.br\/index\/wp-json\/wp\/v2\/product"}],"about":[{"href":"https:\/\/casadaluva.com.br\/index\/wp-json\/wp\/v2\/types\/product"}],"wp:featuredmedia":[{"embeddable":true,"href":"https:\/\/casadaluva.com.br\/index\/wp-json\/wp\/v2\/media\/861"}],"wp:attachment":[{"href":"https:\/\/casadaluva.com.br\/index\/wp-json\/wp\/v2\/media?parent=611"}],"wp:term":[{"taxonomy":"product_brand","embeddable":true,"href":"https:\/\/casadaluva.com.br\/index\/wp-json\/wp\/v2\/product_brand?post=611"},{"taxonomy":"product_cat","embeddable":true,"href":"https:\/\/casadaluva.com.br\/index\/wp-json\/wp\/v2\/product_cat?post=611"},{"taxonomy":"product_tag","embeddable":true,"href":"https:\/\/casadaluva.com.br\/index\/wp-json\/wp\/v2\/product_tag?post=611"}],"curies":[{"name":"wp","href":"https:\/\/api.w.org\/{rel}","templated":true}]}}