{"id":617,"date":"2023-08-16T11:04:32","date_gmt":"2023-08-16T14:04:32","guid":{"rendered":"https:\/\/casadaluva.com.br\/index\/produto\/lixa-massa-225-x-275mm-grao-180\/"},"modified":"2026-04-14T08:27:13","modified_gmt":"2026-04-14T11:27:13","slug":"lixa-massa-225-x-275mm-grao-180","status":"publish","type":"product","link":"https:\/\/casadaluva.com.br\/index\/produto\/lixa-massa-225-x-275mm-grao-180\/","title":{"rendered":"LIXA MASSA 225 X 275MM GRAO 180"},"content":{"rendered":"<p>Lixa Norton A257 Para Paredes e Madeiras &#8211; 50 Folhas<\/p>\n<p>A Folha de Lixa Massa A257 \u00e9 uma lixa de papel leve com gr\u00e3o de \u00d3xido de Alum\u00ednio Marrom indicada principalmente para lixamento de paredes na prepara\u00e7\u00e3o para pintura e para o lixamento de madeiras. Utilizada na remo\u00e7\u00e3o de imperfei\u00e7\u00f5es e no alinhamento da massa corrida, a lixa proporciona um excelente acabamento.<\/p>\n<p>Descri\u00e7\u00e3o T\u00e9cnica:<\/p>\n<p>&#8211; Marca: Norton<br \/>\n&#8211; Seco \/ \u00damido \/ Ambos: Seco<br \/>\n&#8211; Abrasivo: \u00d3xido de Alum\u00ednio Marrom<br \/>\n&#8211; Linha: A257<br \/>\n&#8211; Composi\u00e7\u00e3o: Abrasivo, papel e adesivo<br \/>\n&#8211; Costado: Papel<br \/>\n&#8211; Formato: Folha<br \/>\n&#8211; Superf\u00edcie para aplica\u00e7\u00e3o: Massa, gesso e uso geral<br \/>\n&#8211; Largura X Comprimento: 225x275mm<\/p>\n<p>Caracter\u00edsticas:<\/p>\n<p>&#8211; Costado leve<br \/>\n&#8211; Grande Variedade de Gr\u00e3os<br \/>\n&#8211; Corte cont\u00ednuo<br \/>\n&#8211; Excelente acabamento final na pintura<br \/>\n&#8211; Alto rendimento na remo\u00e7\u00e3o de imperfei\u00e7\u00f5es<\/p>\n<p>Utiliza\u00e7\u00e3o do Produto:<\/p>\n<p>&#8211; Mercados: Constru\u00e7\u00e3o Civil, Repara\u00e7\u00e3o Automotiva<br \/>\n&#8211; Materiais: Massa<br \/>\n&#8211; M\u00e1quinas: Lixadeira Vibrat\u00f3ria, Manual<br \/>\n&#8211; Aplica\u00e7\u00f5es: Lixamento<\/p>\n","protected":false},"excerpt":{"rendered":"<p>Lixa Norton A257 Para Paredes e Madeiras &#8211; 50 Folhas A Folha de Lixa Massa A257 \u00e9 uma lixa de papel leve com gr\u00e3o de \u00d3xido<span class=\"excerpt-hellip\"> [\u2026]<\/span><\/p>\n","protected":false},"featured_media":746,"template":"","meta":{"_joinchat":[]},"product_brand":[],"product_cat":[35],"product_tag":[],"class_list":{"0":"post-617","1":"product","2":"type-product","3":"status-publish","4":"has-post-thumbnail","6":"product_cat-obras","8":"first","9":"instock","10":"shipping-taxable","11":"purchasable","12":"product-type-simple"},"_links":{"self":[{"href":"https:\/\/casadaluva.com.br\/index\/wp-json\/wp\/v2\/product\/617","targetHints":{"allow":["GET"]}}],"collection":[{"href":"https:\/\/casadaluva.com.br\/index\/wp-json\/wp\/v2\/product"}],"about":[{"href":"https:\/\/casadaluva.com.br\/index\/wp-json\/wp\/v2\/types\/product"}],"wp:featuredmedia":[{"embeddable":true,"href":"https:\/\/casadaluva.com.br\/index\/wp-json\/wp\/v2\/media\/746"}],"wp:attachment":[{"href":"https:\/\/casadaluva.com.br\/index\/wp-json\/wp\/v2\/media?parent=617"}],"wp:term":[{"taxonomy":"product_brand","embeddable":true,"href":"https:\/\/casadaluva.com.br\/index\/wp-json\/wp\/v2\/product_brand?post=617"},{"taxonomy":"product_cat","embeddable":true,"href":"https:\/\/casadaluva.com.br\/index\/wp-json\/wp\/v2\/product_cat?post=617"},{"taxonomy":"product_tag","embeddable":true,"href":"https:\/\/casadaluva.com.br\/index\/wp-json\/wp\/v2\/product_tag?post=617"}],"curies":[{"name":"wp","href":"https:\/\/api.w.org\/{rel}","templated":true}]}}