{"id":621,"date":"2023-08-16T11:06:46","date_gmt":"2023-08-16T14:06:46","guid":{"rendered":"https:\/\/casadaluva.com.br\/index\/produto\/delimitador-de-prof-tarucel-cinza-10mm-espuma-de-polietileno-de-baixa-dens-p-juntas-e-dilatacao\/"},"modified":"2026-04-11T10:13:53","modified_gmt":"2026-04-11T13:13:53","slug":"delimitador-de-prof-tarucel-cinza-10mm-espuma-de-polietileno-de-baixa-dens-p-juntas-e-dilatacao","status":"publish","type":"product","link":"https:\/\/casadaluva.com.br\/index\/produto\/delimitador-de-prof-tarucel-cinza-10mm-espuma-de-polietileno-de-baixa-dens-p-juntas-e-dilatacao\/","title":{"rendered":"DELIMITADOR DE PROF TARUCEL CINZA 10MM ESPUMA DE POLIETILENO DE BAIXA DENS P\/ JUNTAS E DILATACAO"},"content":{"rendered":"<p>Tarucel Sealway \u00e9 composto por espuma de Polietileno de baixa densidade, sendo imperme\u00e1vel e flex\u00edvel. \u00c9 male\u00e1vel e possui adequada resist\u00eancia \u00e0 compress\u00e3o. Devido \u00e0 sua estrutura de c\u00e9lulas fechadas, n\u00e3o absorve \u00e1gua, e sua pele mais densa resulta em uma boa resist\u00eancia mec\u00e2nica, permitindo a livre manipula\u00e7\u00e3o dentro dos par\u00e2metros previstos.<\/p>\n<p>Dados T\u00e9cnicos:<\/p>\n<p>&#8211; Di\u00e2metro da espuma: 6mm<br \/>&#8211; Material: Polietileno<br \/>&#8211; Cor: Cinza;<br \/>&#8211; Quantidade: 2 rolo com 50 metros cada<br \/>&#8211; Imperme\u00e1vel<br \/>&#8211; Armazenamento: Deve ser armazenado em local coberto e seco<br \/>&#8211; Validade: Tempo indeterminado<br \/>&#8211; Sobre o limitador, n\u00e3o podem ser aplicados selantes cuja temperatura exceda 70\u00baC<br \/>&#8211; Utilizado em Esquadrias, Divis\u00f3rias, Fechamento de concretagem, Veda\u00e7\u00e3o de caixa de ar-condicionado, Fixa\u00e7\u00e3o de vidro em caixilhos de janelas e divis\u00f3rias.<br \/>&#8211; Temos outras op\u00e7\u00f5es dispon\u00edveis: 6mm, 8mm, 10mm e 12mm.<\/p>\n<p>Aplica\u00e7\u00e3o: Pode ser utilizado como corpo de apoio e delimitador de profundidade, proporcionando a obten\u00e7\u00e3o uniforme e adequada com rela\u00e7\u00e3o entre largura e profundidade, tamb\u00e9m utilizado para aplica\u00e7\u00e3o de diversos materiais selantes, tais como silicone, mastique, polisulforados, poliuretanos e poliacrilatos, em juntas de dilata\u00e7\u00e3o e de veda\u00e7\u00e3o.<\/p>\n","protected":false},"excerpt":{"rendered":"<p>Tarucel Sealway \u00e9 composto por espuma de Polietileno de baixa densidade, sendo imperme\u00e1vel e flex\u00edvel. \u00c9 male\u00e1vel e possui adequada resist\u00eancia \u00e0 compress\u00e3o. Devido \u00e0 sua<span class=\"excerpt-hellip\"> [\u2026]<\/span><\/p>\n","protected":false},"featured_media":865,"template":"","meta":{"_joinchat":[]},"product_brand":[],"product_cat":[35],"product_tag":[],"class_list":{"0":"post-621","1":"product","2":"type-product","3":"status-publish","4":"has-post-thumbnail","6":"product_cat-obras","8":"first","9":"instock","10":"shipping-taxable","11":"purchasable","12":"product-type-simple"},"_links":{"self":[{"href":"https:\/\/casadaluva.com.br\/index\/wp-json\/wp\/v2\/product\/621","targetHints":{"allow":["GET"]}}],"collection":[{"href":"https:\/\/casadaluva.com.br\/index\/wp-json\/wp\/v2\/product"}],"about":[{"href":"https:\/\/casadaluva.com.br\/index\/wp-json\/wp\/v2\/types\/product"}],"wp:featuredmedia":[{"embeddable":true,"href":"https:\/\/casadaluva.com.br\/index\/wp-json\/wp\/v2\/media\/865"}],"wp:attachment":[{"href":"https:\/\/casadaluva.com.br\/index\/wp-json\/wp\/v2\/media?parent=621"}],"wp:term":[{"taxonomy":"product_brand","embeddable":true,"href":"https:\/\/casadaluva.com.br\/index\/wp-json\/wp\/v2\/product_brand?post=621"},{"taxonomy":"product_cat","embeddable":true,"href":"https:\/\/casadaluva.com.br\/index\/wp-json\/wp\/v2\/product_cat?post=621"},{"taxonomy":"product_tag","embeddable":true,"href":"https:\/\/casadaluva.com.br\/index\/wp-json\/wp\/v2\/product_tag?post=621"}],"curies":[{"name":"wp","href":"https:\/\/api.w.org\/{rel}","templated":true}]}}