{"id":623,"date":"2023-08-16T11:07:56","date_gmt":"2023-08-16T14:07:56","guid":{"rendered":"https:\/\/casadaluva.com.br\/index\/produto\/valvula-escoamento-p-tanque-cromada-1-1-4\/"},"modified":"2026-04-11T10:13:53","modified_gmt":"2026-04-11T13:13:53","slug":"valvula-escoamento-p-tanque-cromada-1-1-4","status":"publish","type":"product","link":"https:\/\/casadaluva.com.br\/index\/produto\/valvula-escoamento-p-tanque-cromada-1-1-4\/","title":{"rendered":"VALVULA ESCOAMENTO P\/ TANQUE CROMADA 1.1\/4"},"content":{"rendered":"<p>Nas suas atividades do dia-a-dia, use produtos resistentes e funcionais. A torneira de banheiro Alpha Hidrometais Pia Tanque Lavat\u00f3rio 1606.C.112 1605.C.114 est\u00e1 projetada para se adaptar a qualquer espa\u00e7o com personalidade e desenvolver efetivamente tarefas como lavagem e limpeza.<\/p>\n","protected":false},"excerpt":{"rendered":"<p>Nas suas atividades do dia-a-dia, use produtos resistentes e funcionais. A torneira de banheiro Alpha Hidrometais Pia Tanque Lavat\u00f3rio 1606.C.112 1605.C.114 est\u00e1 projetada para se adaptar<span class=\"excerpt-hellip\"> [\u2026]<\/span><\/p>\n","protected":false},"featured_media":891,"template":"","meta":{"_joinchat":[]},"product_brand":[],"product_cat":[35],"product_tag":[],"class_list":{"0":"post-623","1":"product","2":"type-product","3":"status-publish","4":"has-post-thumbnail","6":"product_cat-obras","8":"first","9":"instock","10":"sale","11":"shipping-taxable","12":"purchasable","13":"product-type-simple"},"_links":{"self":[{"href":"https:\/\/casadaluva.com.br\/index\/wp-json\/wp\/v2\/product\/623","targetHints":{"allow":["GET"]}}],"collection":[{"href":"https:\/\/casadaluva.com.br\/index\/wp-json\/wp\/v2\/product"}],"about":[{"href":"https:\/\/casadaluva.com.br\/index\/wp-json\/wp\/v2\/types\/product"}],"wp:featuredmedia":[{"embeddable":true,"href":"https:\/\/casadaluva.com.br\/index\/wp-json\/wp\/v2\/media\/891"}],"wp:attachment":[{"href":"https:\/\/casadaluva.com.br\/index\/wp-json\/wp\/v2\/media?parent=623"}],"wp:term":[{"taxonomy":"product_brand","embeddable":true,"href":"https:\/\/casadaluva.com.br\/index\/wp-json\/wp\/v2\/product_brand?post=623"},{"taxonomy":"product_cat","embeddable":true,"href":"https:\/\/casadaluva.com.br\/index\/wp-json\/wp\/v2\/product_cat?post=623"},{"taxonomy":"product_tag","embeddable":true,"href":"https:\/\/casadaluva.com.br\/index\/wp-json\/wp\/v2\/product_tag?post=623"}],"curies":[{"name":"wp","href":"https:\/\/api.w.org\/{rel}","templated":true}]}}