{"id":626,"date":"2023-08-16T11:10:17","date_gmt":"2023-08-16T14:10:17","guid":{"rendered":"https:\/\/casadaluva.com.br\/index\/produto\/fita-adesiva-papel-crepe-18mm-x-50m\/"},"modified":"2026-04-11T10:13:53","modified_gmt":"2026-04-11T13:13:53","slug":"fita-adesiva-papel-crepe-18mm-x-50m","status":"publish","type":"product","link":"https:\/\/casadaluva.com.br\/index\/produto\/fita-adesiva-papel-crepe-18mm-x-50m\/","title":{"rendered":"FITA ADESIVA PAPEL CREPE 18MM X 50M"},"content":{"rendered":"<p>A fita mask crepe 710 possui um papel com excelente alongamento, proporcionando boa performance em curvas e contornos do mascaramento. Utilizada para uso industrial, mascaramento de pinturas imobili\u00e1rias, trabalhos escolares, fixa\u00e7\u00f5es, prote\u00e7\u00e3o, enfaixamentos, artesanato, decora\u00e7\u00e3o, bricolagem, etc.<\/p>\n<p>&#8211; Depois de aplicada, esse modelo de fita crepe n\u00e3o deixa res\u00edduo na superf\u00edcie.<br \/>\n&#8211; Resistente a temperaturas de at\u00e9 100\u00b0C.<br \/>\n&#8211; Deve ser removida em at\u00e9 24 horas ap\u00f3s a aplica\u00e7\u00e3o.<\/p>\n<p>Utiliza\u00e7\u00e3o: Pintura, Trabalhos escolares, fechamento de embalagens, mascaramentos, fixa\u00e7\u00f5es, prote\u00e7\u00e3o, enfaixamentos, emendas, refor\u00e7o.<br \/>\nRecomendamos que o produto seja previamente testado antes de sua utiliza\u00e7\u00e3o.<\/p>\n","protected":false},"excerpt":{"rendered":"<p>A fita mask crepe 710 possui um papel com excelente alongamento, proporcionando boa performance em curvas e contornos do mascaramento. Utilizada para uso industrial, mascaramento de<span class=\"excerpt-hellip\"> [\u2026]<\/span><\/p>\n","protected":false},"featured_media":753,"template":"","meta":{"_joinchat":[]},"product_brand":[],"product_cat":[35],"product_tag":[],"class_list":{"0":"post-626","1":"product","2":"type-product","3":"status-publish","4":"has-post-thumbnail","6":"product_cat-obras","8":"first","9":"outofstock","10":"shipping-taxable","11":"purchasable","12":"product-type-simple"},"_links":{"self":[{"href":"https:\/\/casadaluva.com.br\/index\/wp-json\/wp\/v2\/product\/626","targetHints":{"allow":["GET"]}}],"collection":[{"href":"https:\/\/casadaluva.com.br\/index\/wp-json\/wp\/v2\/product"}],"about":[{"href":"https:\/\/casadaluva.com.br\/index\/wp-json\/wp\/v2\/types\/product"}],"wp:featuredmedia":[{"embeddable":true,"href":"https:\/\/casadaluva.com.br\/index\/wp-json\/wp\/v2\/media\/753"}],"wp:attachment":[{"href":"https:\/\/casadaluva.com.br\/index\/wp-json\/wp\/v2\/media?parent=626"}],"wp:term":[{"taxonomy":"product_brand","embeddable":true,"href":"https:\/\/casadaluva.com.br\/index\/wp-json\/wp\/v2\/product_brand?post=626"},{"taxonomy":"product_cat","embeddable":true,"href":"https:\/\/casadaluva.com.br\/index\/wp-json\/wp\/v2\/product_cat?post=626"},{"taxonomy":"product_tag","embeddable":true,"href":"https:\/\/casadaluva.com.br\/index\/wp-json\/wp\/v2\/product_tag?post=626"}],"curies":[{"name":"wp","href":"https:\/\/api.w.org\/{rel}","templated":true}]}}