{"id":628,"date":"2023-08-16T11:11:26","date_gmt":"2023-08-16T14:11:26","guid":{"rendered":"https:\/\/casadaluva.com.br\/index\/produto\/etiqueta-de-bloqueionao-ligue-75x14cm-c-12\/"},"modified":"2026-04-11T10:31:43","modified_gmt":"2026-04-11T13:31:43","slug":"etiqueta-de-bloqueionao-ligue-75x14cm-c-12","status":"publish","type":"product","link":"https:\/\/casadaluva.com.br\/index\/produto\/etiqueta-de-bloqueionao-ligue-75x14cm-c-12\/","title":{"rendered":"ETIQUETA DE BLOQUEIONAO LIGUE 7,5X14CM"},"content":{"rendered":"<p>ETIQUETA DE BLOQUEIO NAO LIGUE 7,5X14CM<\/p>\n<p>PACOTE COM 12 UNIDADES &#8211; ESTE CART\u00c3O E A TRAVA S\u00d3 PODEM SER REMOVIDOS PELA PESSOA INDICADA NO VERSO.<\/p>\n<p>&#8211; Permite a identifica\u00e7\u00e3o correta do bloqueio<br \/>\n&#8211; Furo para cadeado refor\u00e7ado com ilh\u00f3s<br \/>\n&#8211; Utilizamos tintas especiais de alta fixa\u00e7\u00e3o e resistentes a qualquer tipo de solventes e \u00e1lcoois<br \/>\n&#8211; Para evitar adultera\u00e7\u00e3o, utilize canetas marcadoras<br \/>\n&#8211; Medidas: 7,5 cm x 14 cm (LxA)<br \/>\n&#8211; Materiais: PVC e PE (polietileno) flex\u00edvel com 0,45 mm de espessura<br \/>\n&#8211; REF.: ETF5SF<\/p>\n<p>Sugest\u00f5es de uso:<br \/>\n&#8211; Caneta para CD ou Permanente<br \/>\n&#8211; Limpar com \u00c1lcool 46,5\u00ba ou 98\u00ba, removedor de tinta, querosene, solvente ou thinner<\/p>\n","protected":false},"excerpt":{"rendered":"<p>ETIQUETA DE BLOQUEIO NAO LIGUE 7,5X14CM PACOTE COM 12 UNIDADES &#8211; ESTE CART\u00c3O E A TRAVA S\u00d3 PODEM SER REMOVIDOS PELA PESSOA INDICADA NO VERSO. &#8211;<span class=\"excerpt-hellip\"> [\u2026]<\/span><\/p>\n","protected":false},"featured_media":756,"template":"","meta":{"_joinchat":[]},"product_brand":[],"product_cat":[35],"product_tag":[],"class_list":{"0":"post-628","1":"product","2":"type-product","3":"status-publish","4":"has-post-thumbnail","6":"product_cat-obras","8":"first","9":"instock","10":"shipping-taxable","11":"purchasable","12":"product-type-simple"},"_links":{"self":[{"href":"https:\/\/casadaluva.com.br\/index\/wp-json\/wp\/v2\/product\/628","targetHints":{"allow":["GET"]}}],"collection":[{"href":"https:\/\/casadaluva.com.br\/index\/wp-json\/wp\/v2\/product"}],"about":[{"href":"https:\/\/casadaluva.com.br\/index\/wp-json\/wp\/v2\/types\/product"}],"wp:featuredmedia":[{"embeddable":true,"href":"https:\/\/casadaluva.com.br\/index\/wp-json\/wp\/v2\/media\/756"}],"wp:attachment":[{"href":"https:\/\/casadaluva.com.br\/index\/wp-json\/wp\/v2\/media?parent=628"}],"wp:term":[{"taxonomy":"product_brand","embeddable":true,"href":"https:\/\/casadaluva.com.br\/index\/wp-json\/wp\/v2\/product_brand?post=628"},{"taxonomy":"product_cat","embeddable":true,"href":"https:\/\/casadaluva.com.br\/index\/wp-json\/wp\/v2\/product_cat?post=628"},{"taxonomy":"product_tag","embeddable":true,"href":"https:\/\/casadaluva.com.br\/index\/wp-json\/wp\/v2\/product_tag?post=628"}],"curies":[{"name":"wp","href":"https:\/\/api.w.org\/{rel}","templated":true}]}}