{"id":631,"date":"2023-08-16T11:12:40","date_gmt":"2023-08-16T14:12:40","guid":{"rendered":"https:\/\/casadaluva.com.br\/index\/produto\/bloqueio-para-disjuntor-plastico\/"},"modified":"2026-04-11T10:13:52","modified_gmt":"2026-04-11T13:13:52","slug":"bloqueio-para-disjuntor-plastico","status":"publish","type":"product","link":"https:\/\/casadaluva.com.br\/index\/produto\/bloqueio-para-disjuntor-plastico\/","title":{"rendered":"BLOQUEIO PARA DISJUNTOR PLASTICO"},"content":{"rendered":"<p>DISPOSITIVO DE BLOQUEIO PL\u00c1STICO UNIVERSAL PARA DISJUNTOR DIN, NEMA E CAIXA MOLDADA<\/p>\n<p>Fabricante: TAGOUT<br \/>\nModelo: DBUP<br \/>\nDispositivo com capa de pl\u00e1stico ABS vermelho e base de Nylon r\u00edgido preto;<br \/>\nParafuso de lat\u00e3o de fixa\u00e7\u00e3o manual, sem necessidade de chave de fenda;<br \/>\nOrif\u00edcio para coloca\u00e7\u00e3o do cadeado frontal ou lateralmente;<br \/>\nAtende manoplas com dimens\u00f5es de at\u00e9 8mm largura x 13mm comprimento;<\/p>\n<p>Conforme indicado pelas Normas Regulamentadoras.<\/p>\n","protected":false},"excerpt":{"rendered":"<p>DISPOSITIVO DE BLOQUEIO PL\u00c1STICO UNIVERSAL PARA DISJUNTOR DIN, NEMA E CAIXA MOLDADA Fabricante: TAGOUT Modelo: DBUP Dispositivo com capa de pl\u00e1stico ABS vermelho e base de<span class=\"excerpt-hellip\"> [\u2026]<\/span><\/p>\n","protected":false},"featured_media":754,"template":"","meta":{"_joinchat":[]},"product_brand":[],"product_cat":[35],"product_tag":[],"class_list":{"0":"post-631","1":"product","2":"type-product","3":"status-publish","4":"has-post-thumbnail","6":"product_cat-obras","8":"first","9":"instock","10":"shipping-taxable","11":"purchasable","12":"product-type-simple"},"_links":{"self":[{"href":"https:\/\/casadaluva.com.br\/index\/wp-json\/wp\/v2\/product\/631","targetHints":{"allow":["GET"]}}],"collection":[{"href":"https:\/\/casadaluva.com.br\/index\/wp-json\/wp\/v2\/product"}],"about":[{"href":"https:\/\/casadaluva.com.br\/index\/wp-json\/wp\/v2\/types\/product"}],"wp:featuredmedia":[{"embeddable":true,"href":"https:\/\/casadaluva.com.br\/index\/wp-json\/wp\/v2\/media\/754"}],"wp:attachment":[{"href":"https:\/\/casadaluva.com.br\/index\/wp-json\/wp\/v2\/media?parent=631"}],"wp:term":[{"taxonomy":"product_brand","embeddable":true,"href":"https:\/\/casadaluva.com.br\/index\/wp-json\/wp\/v2\/product_brand?post=631"},{"taxonomy":"product_cat","embeddable":true,"href":"https:\/\/casadaluva.com.br\/index\/wp-json\/wp\/v2\/product_cat?post=631"},{"taxonomy":"product_tag","embeddable":true,"href":"https:\/\/casadaluva.com.br\/index\/wp-json\/wp\/v2\/product_tag?post=631"}],"curies":[{"name":"wp","href":"https:\/\/api.w.org\/{rel}","templated":true}]}}