{"id":635,"date":"2023-08-16T11:14:31","date_gmt":"2023-08-16T14:14:31","guid":{"rendered":"https:\/\/casadaluva.com.br\/index\/produto\/protetor-aur-silicone-16db\/"},"modified":"2026-04-14T08:25:04","modified_gmt":"2026-04-14T11:25:04","slug":"protetor-aur-silicone-16db","status":"publish","type":"product","link":"https:\/\/casadaluva.com.br\/index\/produto\/protetor-aur-silicone-16db\/","title":{"rendered":"PROTETOR AUR. SILICONE 16dB"},"content":{"rendered":"<p>Protetor auditivo confeccionado em silicone grau farmac\u00eautico, tipo (plugue) inser\u00e7\u00e3o, composto de um eixo com 03 (tr\u00eas) flanges, onde a 1\u00aa (primeira), a 2\u00aa (segunda) e a 3\u00aa (terceira) s\u00e3o flanges maci\u00e7as e c\u00f4nicas, todas de dimens\u00f5es vari\u00e1veis, contendo um orif\u00edcio no seu interior para coloca\u00e7\u00e3o do cord\u00e3o, mold\u00e1vel a diferentes canais, podendo ser utilizados cord\u00e3o de algod\u00e3o, PVC ou silicone.<\/p>\n","protected":false},"excerpt":{"rendered":"<p>Protetor auditivo confeccionado em silicone grau farmac\u00eautico, tipo (plugue) inser\u00e7\u00e3o, composto de um eixo com 03 (tr\u00eas) flanges, onde a 1\u00aa (primeira), a 2\u00aa (segunda) e<span class=\"excerpt-hellip\"> [\u2026]<\/span><\/p>\n","protected":false},"featured_media":893,"template":"","meta":{"_joinchat":[]},"product_brand":[],"product_cat":[35],"product_tag":[],"class_list":{"0":"post-635","1":"product","2":"type-product","3":"status-publish","4":"has-post-thumbnail","6":"product_cat-obras","8":"first","9":"outofstock","10":"shipping-taxable","11":"purchasable","12":"product-type-simple"},"_links":{"self":[{"href":"https:\/\/casadaluva.com.br\/index\/wp-json\/wp\/v2\/product\/635","targetHints":{"allow":["GET"]}}],"collection":[{"href":"https:\/\/casadaluva.com.br\/index\/wp-json\/wp\/v2\/product"}],"about":[{"href":"https:\/\/casadaluva.com.br\/index\/wp-json\/wp\/v2\/types\/product"}],"wp:featuredmedia":[{"embeddable":true,"href":"https:\/\/casadaluva.com.br\/index\/wp-json\/wp\/v2\/media\/893"}],"wp:attachment":[{"href":"https:\/\/casadaluva.com.br\/index\/wp-json\/wp\/v2\/media?parent=635"}],"wp:term":[{"taxonomy":"product_brand","embeddable":true,"href":"https:\/\/casadaluva.com.br\/index\/wp-json\/wp\/v2\/product_brand?post=635"},{"taxonomy":"product_cat","embeddable":true,"href":"https:\/\/casadaluva.com.br\/index\/wp-json\/wp\/v2\/product_cat?post=635"},{"taxonomy":"product_tag","embeddable":true,"href":"https:\/\/casadaluva.com.br\/index\/wp-json\/wp\/v2\/product_tag?post=635"}],"curies":[{"name":"wp","href":"https:\/\/api.w.org\/{rel}","templated":true}]}}