{"id":659,"date":"2023-08-17T10:52:49","date_gmt":"2023-08-17T13:52:49","guid":{"rendered":"https:\/\/casadaluva.com.br\/index\/produto\/placa-de-sinalizacao-braile-p-corrimao-inicio\/"},"modified":"2026-04-11T10:13:56","modified_gmt":"2026-04-11T13:13:56","slug":"placa-de-sinalizacao-braile-p-corrimao-inicio","status":"publish","type":"product","link":"https:\/\/casadaluva.com.br\/index\/produto\/placa-de-sinalizacao-braile-p-corrimao-inicio\/","title":{"rendered":"PLACA DE SINALIZACAO BRAILE P\/ CORRIMAO INICIO"},"content":{"rendered":"<p>Sinaliza\u00e7\u00e3o em Braille para ser usado em corrim\u00e3o indicando in\u00edcio e final do corrim\u00e3o. Atende a NORMA ABNT 9050<\/p>\n<p>Medidas:10x3cm<\/p>\n<p>Instala\u00e7\u00e3o:Adesivado Dupla Face<\/p>\n<p>Material:Alum\u00ednio<\/p>\n","protected":false},"excerpt":{"rendered":"<p>Sinaliza\u00e7\u00e3o em Braille para ser usado em corrim\u00e3o indicando in\u00edcio e final do corrim\u00e3o. Atende a NORMA ABNT 9050 Medidas:10x3cm Instala\u00e7\u00e3o:Adesivado Dupla Face Material:Alum\u00ednio<\/p>\n","protected":false},"featured_media":751,"template":"","meta":{"_joinchat":[]},"product_brand":[],"product_cat":[35],"product_tag":[],"class_list":{"0":"post-659","1":"product","2":"type-product","3":"status-publish","4":"has-post-thumbnail","6":"product_cat-obras","8":"first","9":"instock","10":"shipping-taxable","11":"purchasable","12":"product-type-simple"},"_links":{"self":[{"href":"https:\/\/casadaluva.com.br\/index\/wp-json\/wp\/v2\/product\/659","targetHints":{"allow":["GET"]}}],"collection":[{"href":"https:\/\/casadaluva.com.br\/index\/wp-json\/wp\/v2\/product"}],"about":[{"href":"https:\/\/casadaluva.com.br\/index\/wp-json\/wp\/v2\/types\/product"}],"wp:featuredmedia":[{"embeddable":true,"href":"https:\/\/casadaluva.com.br\/index\/wp-json\/wp\/v2\/media\/751"}],"wp:attachment":[{"href":"https:\/\/casadaluva.com.br\/index\/wp-json\/wp\/v2\/media?parent=659"}],"wp:term":[{"taxonomy":"product_brand","embeddable":true,"href":"https:\/\/casadaluva.com.br\/index\/wp-json\/wp\/v2\/product_brand?post=659"},{"taxonomy":"product_cat","embeddable":true,"href":"https:\/\/casadaluva.com.br\/index\/wp-json\/wp\/v2\/product_cat?post=659"},{"taxonomy":"product_tag","embeddable":true,"href":"https:\/\/casadaluva.com.br\/index\/wp-json\/wp\/v2\/product_tag?post=659"}],"curies":[{"name":"wp","href":"https:\/\/api.w.org\/{rel}","templated":true}]}}