{"id":661,"date":"2023-08-17T10:55:16","date_gmt":"2023-08-17T13:55:16","guid":{"rendered":"https:\/\/casadaluva.com.br\/index\/produto\/presilha-p-cabo-de-aco-3-8\/"},"modified":"2025-12-26T09:18:03","modified_gmt":"2025-12-26T12:18:03","slug":"presilha-p-cabo-de-aco-3-8","status":"publish","type":"product","link":"https:\/\/casadaluva.com.br\/index\/produto\/presilha-p-cabo-de-aco-3-8\/","title":{"rendered":"PRESILHA P\/ CABO DE ACO 3\/8"},"content":{"rendered":"<p>O grampo para cabo de a\u00e7o \u00e9 usado para a clipagem de cabos de a\u00e7o confeccionando lingas de cabo. Perfeito para aplica\u00e7\u00f5es onde \u00e9 preciso flexibilidade em rela\u00e7\u00e3o ao comprimento do cabo no momento de eleva\u00e7\u00e3o, fixa\u00e7\u00e3o, amarra\u00e7\u00e3o e movimenta\u00e7\u00e3o.<\/p>\n<p>Caracter\u00edsticas:<br \/>\n\u2022 Produzido em a\u00e7o carbono<br \/>\n\u2022 Acabamento galvanizado<br \/>\n\u2022 Excelente for\u00e7a e resist\u00eancia<br \/>\n\u2022 Grampo leve<\/p>\n<p>Especifica\u00e7\u00f5es t\u00e9cnicas:<br \/>\n\u2022 Compat\u00edveis com cabos de at\u00e9 3\/8&#8243; (9,525mm)<br \/>\n\u2022 Grampos necess\u00e1rios: 4<br \/>\n\u2022 Espa\u00e7amento m\u00ednimo: 57mm<\/p>\n","protected":false},"excerpt":{"rendered":"<p>O grampo para cabo de a\u00e7o \u00e9 usado para a clipagem de cabos de a\u00e7o confeccionando lingas de cabo. Perfeito para aplica\u00e7\u00f5es onde \u00e9 preciso flexibilidade<span class=\"excerpt-hellip\"> [\u2026]<\/span><\/p>\n","protected":false},"featured_media":750,"template":"","meta":{"_joinchat":[]},"product_brand":[],"product_cat":[35],"product_tag":[],"class_list":{"0":"post-661","1":"product","2":"type-product","3":"status-publish","4":"has-post-thumbnail","6":"product_cat-obras","8":"first","9":"instock","10":"shipping-taxable","11":"purchasable","12":"product-type-simple"},"_links":{"self":[{"href":"https:\/\/casadaluva.com.br\/index\/wp-json\/wp\/v2\/product\/661","targetHints":{"allow":["GET"]}}],"collection":[{"href":"https:\/\/casadaluva.com.br\/index\/wp-json\/wp\/v2\/product"}],"about":[{"href":"https:\/\/casadaluva.com.br\/index\/wp-json\/wp\/v2\/types\/product"}],"wp:featuredmedia":[{"embeddable":true,"href":"https:\/\/casadaluva.com.br\/index\/wp-json\/wp\/v2\/media\/750"}],"wp:attachment":[{"href":"https:\/\/casadaluva.com.br\/index\/wp-json\/wp\/v2\/media?parent=661"}],"wp:term":[{"taxonomy":"product_brand","embeddable":true,"href":"https:\/\/casadaluva.com.br\/index\/wp-json\/wp\/v2\/product_brand?post=661"},{"taxonomy":"product_cat","embeddable":true,"href":"https:\/\/casadaluva.com.br\/index\/wp-json\/wp\/v2\/product_cat?post=661"},{"taxonomy":"product_tag","embeddable":true,"href":"https:\/\/casadaluva.com.br\/index\/wp-json\/wp\/v2\/product_tag?post=661"}],"curies":[{"name":"wp","href":"https:\/\/api.w.org\/{rel}","templated":true}]}}