{"id":664,"date":"2023-08-17T10:59:37","date_gmt":"2023-08-17T13:59:37","guid":{"rendered":"https:\/\/casadaluva.com.br\/index\/produto\/espacador-cincular-universal-p-ferragem-s40\/"},"modified":"2026-04-11T10:13:55","modified_gmt":"2026-04-11T13:13:55","slug":"espacador-cincular-universal-p-ferragem-s40","status":"publish","type":"product","link":"https:\/\/casadaluva.com.br\/index\/produto\/espacador-cincular-universal-p-ferragem-s40\/","title":{"rendered":"ESPACADOR CINCULAR UNIVERSAL P\/ FERRAGEM S40"},"content":{"rendered":"<p>Espa\u00e7adores de Ferragem para constru\u00e7\u00e3o civil 40mm AC-S40 Circular<\/p>\n<p>Espa\u00e7ador para Ferragens Universal:<\/p>\n<p>&#8211; Modelo: S40;<br \/>&#8211; Cobrimento: 40mm (4,0cm);<br \/>&#8211; A\u00e7o: de 4,2mm a 12,5mm.<\/p>\n<p>Fun\u00e7\u00f5es dos Espa\u00e7adores para Armadura:<\/p>\n<p>&#8211; Garantir o cobrimento;<br \/>&#8211; Posicionar as armaduras.<\/p>\n<p>Aplica\u00e7\u00e3o do Espa\u00e7ador Pl\u00e1stico:<\/p>\n<p>Indicado para armaduras verticais tais como laterais de vigas, pilares, paredes de concreto e pr\u00e9-moldados.<\/p>\n<p>Informa\u00e7\u00f5es Importantes:<\/p>\n<p>&#8211; Fixa-se \u00e0 armadura com precis\u00e3o;<br \/>&#8211; Fixa-se \u00e0 diversas bitolas de a\u00e7o;<br \/>&#8211; Resiste aos esfor\u00e7os de compress\u00e3o durante o fechamento dos pain\u00e9is.<\/p>\n","protected":false},"excerpt":{"rendered":"<p>Espa\u00e7adores de Ferragem para constru\u00e7\u00e3o civil 40mm AC-S40 Circular Espa\u00e7ador para Ferragens Universal: &#8211; Modelo: S40;&#8211; Cobrimento: 40mm (4,0cm);&#8211; A\u00e7o: de 4,2mm a 12,5mm. Fun\u00e7\u00f5es dos<span class=\"excerpt-hellip\"> [\u2026]<\/span><\/p>\n","protected":false},"featured_media":853,"template":"","meta":{"_joinchat":[]},"product_brand":[],"product_cat":[35],"product_tag":[],"class_list":{"0":"post-664","1":"product","2":"type-product","3":"status-publish","4":"has-post-thumbnail","6":"product_cat-obras","8":"first","9":"instock","10":"shipping-taxable","11":"purchasable","12":"product-type-simple"},"_links":{"self":[{"href":"https:\/\/casadaluva.com.br\/index\/wp-json\/wp\/v2\/product\/664","targetHints":{"allow":["GET"]}}],"collection":[{"href":"https:\/\/casadaluva.com.br\/index\/wp-json\/wp\/v2\/product"}],"about":[{"href":"https:\/\/casadaluva.com.br\/index\/wp-json\/wp\/v2\/types\/product"}],"wp:featuredmedia":[{"embeddable":true,"href":"https:\/\/casadaluva.com.br\/index\/wp-json\/wp\/v2\/media\/853"}],"wp:attachment":[{"href":"https:\/\/casadaluva.com.br\/index\/wp-json\/wp\/v2\/media?parent=664"}],"wp:term":[{"taxonomy":"product_brand","embeddable":true,"href":"https:\/\/casadaluva.com.br\/index\/wp-json\/wp\/v2\/product_brand?post=664"},{"taxonomy":"product_cat","embeddable":true,"href":"https:\/\/casadaluva.com.br\/index\/wp-json\/wp\/v2\/product_cat?post=664"},{"taxonomy":"product_tag","embeddable":true,"href":"https:\/\/casadaluva.com.br\/index\/wp-json\/wp\/v2\/product_tag?post=664"}],"curies":[{"name":"wp","href":"https:\/\/api.w.org\/{rel}","templated":true}]}}