{"id":667,"date":"2023-08-17T11:01:43","date_gmt":"2023-08-17T14:01:43","guid":{"rendered":"https:\/\/casadaluva.com.br\/index\/produto\/protetor-solar-mavaro-ultra-fps-30-com-repelente-de-insetos-4kg\/"},"modified":"2026-03-30T09:52:15","modified_gmt":"2026-03-30T12:52:15","slug":"protetor-solar-mavaro-ultra-fps-30-com-repelente-de-insetos-4kg","status":"publish","type":"product","link":"https:\/\/casadaluva.com.br\/index\/produto\/protetor-solar-mavaro-ultra-fps-30-com-repelente-de-insetos-4kg\/","title":{"rendered":"PROTETOR SOLAR MAVARO ULTRA FPS 30 COM REPELENTE DE INSETOS 4KG"},"content":{"rendered":"<p>Protetor Solar com Repelente FPS 60 ULTRA \u00e9 um protetor solar FPS 60 eficaz contra a a\u00e7\u00e3o nociva das radia\u00e7\u00f5es UVA e UVB. Cont\u00e9m filtros solares com prote\u00e7\u00e3o de n\u00edvel 60, protegendo a pele 60 vezes mais do que se o mesmo n\u00e3o tivesse sido aplicado.<br \/>Elaborado com repelente de insetos formulado e desenvolvido com o princ\u00edpio ativo IR3535\u00ae, forma segura e eficaz na preven\u00e7\u00e3o contra picadas de insetos.<br \/>FPUVA 20.<br \/>IR3535 is a trademark of Merck KGaA, Darmstadt, Germany.<\/p>\n<p>Indicado para proteger a pele contra a a\u00e7\u00e3o nociva das radia\u00e7\u00f5es UVA e UVB e ao risco de picadas de insetos \u2013 inclusive contra o Aedes Aegypti, o mosquito da Dengue, Zika V\u00edrus e Chikungunya.<br \/>Utilizar o Protetor Solar com frequ\u00eancia sob os raios UV \u00e9 extremamente necess\u00e1rio e importante. Priorizar a sa\u00fade garante maior bem estar, prote\u00e7\u00e3o da pele e qualidade de vida.<\/p>\n<p>\u2022 Formulado com repelente at\u00f3xico IR3535\u00ae de amplo espectro de a\u00e7\u00e3o, alto poder de<br \/>hidrata\u00e7\u00e3o da pele<br \/>\u2022 N\u00e3o cont\u00e9m PABA (tipo de filtro solar)<br \/>\u2022 N\u00e3o cont\u00e9m benzofenona 3<br \/>\u2022 N\u00e3o oleoso; N\u00e3o comedog\u00eanico; Hipoalerg\u00eanico<br \/>\u2022 Possui f\u00e1cil espalhabilidade na pele<br \/>\u2022 Cont\u00e9m vitamina E \u2013 evita o envelhecimento precoce da pele<br \/>\u2022 Pode ser utilizado no rosto, m\u00e3os, bra\u00e7os, p\u00e9s e em qualquer parte do corpo, sem restri\u00e7\u00e3o<br \/>IR3535 is a trademark of Merck KGaA, Darmstadt, Germany.<\/p>\n","protected":false},"excerpt":{"rendered":"<p>Protetor Solar com Repelente FPS 60 ULTRA \u00e9 um protetor solar FPS 60 eficaz contra a a\u00e7\u00e3o nociva das radia\u00e7\u00f5es UVA e UVB. Cont\u00e9m filtros solares<span class=\"excerpt-hellip\"> [\u2026]<\/span><\/p>\n","protected":false},"featured_media":854,"template":"","meta":{"_joinchat":[]},"product_brand":[],"product_cat":[35],"product_tag":[],"class_list":{"0":"post-667","1":"product","2":"type-product","3":"status-publish","4":"has-post-thumbnail","6":"product_cat-obras","8":"first","9":"instock","10":"shipping-taxable","11":"purchasable","12":"product-type-simple"},"_links":{"self":[{"href":"https:\/\/casadaluva.com.br\/index\/wp-json\/wp\/v2\/product\/667","targetHints":{"allow":["GET"]}}],"collection":[{"href":"https:\/\/casadaluva.com.br\/index\/wp-json\/wp\/v2\/product"}],"about":[{"href":"https:\/\/casadaluva.com.br\/index\/wp-json\/wp\/v2\/types\/product"}],"wp:featuredmedia":[{"embeddable":true,"href":"https:\/\/casadaluva.com.br\/index\/wp-json\/wp\/v2\/media\/854"}],"wp:attachment":[{"href":"https:\/\/casadaluva.com.br\/index\/wp-json\/wp\/v2\/media?parent=667"}],"wp:term":[{"taxonomy":"product_brand","embeddable":true,"href":"https:\/\/casadaluva.com.br\/index\/wp-json\/wp\/v2\/product_brand?post=667"},{"taxonomy":"product_cat","embeddable":true,"href":"https:\/\/casadaluva.com.br\/index\/wp-json\/wp\/v2\/product_cat?post=667"},{"taxonomy":"product_tag","embeddable":true,"href":"https:\/\/casadaluva.com.br\/index\/wp-json\/wp\/v2\/product_tag?post=667"}],"curies":[{"name":"wp","href":"https:\/\/api.w.org\/{rel}","templated":true}]}}