{"id":670,"date":"2023-08-17T11:03:40","date_gmt":"2023-08-17T14:03:40","guid":{"rendered":"https:\/\/casadaluva.com.br\/index\/produto\/rolo-de-pintura-la-de-carneiro-paredes-asperas-23cm\/"},"modified":"2026-04-11T10:13:54","modified_gmt":"2026-04-11T13:13:54","slug":"rolo-de-pintura-la-de-carneiro-paredes-asperas-23cm","status":"publish","type":"product","link":"https:\/\/casadaluva.com.br\/index\/produto\/rolo-de-pintura-la-de-carneiro-paredes-asperas-23cm\/","title":{"rendered":"ROLO DE PINTURA LA DE CARNEIRO PAREDES ASPERAS 23CM"},"content":{"rendered":"<p>ROLOS DE L\u00c3 DE CARNEIRO<br \/>328\/22<br \/>DESCRI\u00c7\u00c3O DO PRODUTO:<br \/>Rolo 23cm com 100% l\u00e3 natural tramada em tecido. Com tratamento superwash que evita o emaranhamento das fibras. Manta com 22mm de altura ideal para aplica\u00e7\u00e3o de tintas l\u00e1tex (PVA), acr\u00edlica e esmalte em superf\u00edcies rugosas.<\/p>\n<p>INDICA\u00c7\u00c3O DE USO:<br \/>Ideal para pinturas em superf\u00edcies semi-rugosas com tinta l\u00e1tex, acr\u00edlica, pva, \u00f3leo e esmalte.<\/p>\n","protected":false},"excerpt":{"rendered":"<p>ROLOS DE L\u00c3 DE CARNEIRO328\/22DESCRI\u00c7\u00c3O DO PRODUTO:Rolo 23cm com 100% l\u00e3 natural tramada em tecido. Com tratamento superwash que evita o emaranhamento das fibras. Manta com<span class=\"excerpt-hellip\"> [\u2026]<\/span><\/p>\n","protected":false},"featured_media":888,"template":"","meta":{"_joinchat":[]},"product_brand":[],"product_cat":[35],"product_tag":[],"class_list":{"0":"post-670","1":"product","2":"type-product","3":"status-publish","4":"has-post-thumbnail","6":"product_cat-obras","8":"first","9":"instock","10":"shipping-taxable","11":"purchasable","12":"product-type-simple"},"_links":{"self":[{"href":"https:\/\/casadaluva.com.br\/index\/wp-json\/wp\/v2\/product\/670","targetHints":{"allow":["GET"]}}],"collection":[{"href":"https:\/\/casadaluva.com.br\/index\/wp-json\/wp\/v2\/product"}],"about":[{"href":"https:\/\/casadaluva.com.br\/index\/wp-json\/wp\/v2\/types\/product"}],"wp:featuredmedia":[{"embeddable":true,"href":"https:\/\/casadaluva.com.br\/index\/wp-json\/wp\/v2\/media\/888"}],"wp:attachment":[{"href":"https:\/\/casadaluva.com.br\/index\/wp-json\/wp\/v2\/media?parent=670"}],"wp:term":[{"taxonomy":"product_brand","embeddable":true,"href":"https:\/\/casadaluva.com.br\/index\/wp-json\/wp\/v2\/product_brand?post=670"},{"taxonomy":"product_cat","embeddable":true,"href":"https:\/\/casadaluva.com.br\/index\/wp-json\/wp\/v2\/product_cat?post=670"},{"taxonomy":"product_tag","embeddable":true,"href":"https:\/\/casadaluva.com.br\/index\/wp-json\/wp\/v2\/product_tag?post=670"}],"curies":[{"name":"wp","href":"https:\/\/api.w.org\/{rel}","templated":true}]}}