{"id":693,"date":"2023-11-22T16:24:55","date_gmt":"2023-11-22T19:24:55","guid":{"rendered":"https:\/\/casadaluva.com.br\/index\/produto\/lona-plastica-media-4-x-50-m-preta-2\/"},"modified":"2026-02-25T14:21:35","modified_gmt":"2026-02-25T17:21:35","slug":"lona-plastica-media-4-x-50-m-preta-2","status":"publish","type":"product","link":"https:\/\/casadaluva.com.br\/index\/produto\/lona-plastica-media-4-x-50-m-preta-2\/","title":{"rendered":"LONA PLASTICA MEDIA 4 X 50 M PRETA"},"content":{"rendered":"<p><span style=\"color: #7f7f8a;font-family: 'Open Sans';font-size: 15px\">Lona preta<\/span><br style=\"color: #7f7f8a;font-family: 'Open Sans';font-size: 15px\" \/><span style=\"color: #7f7f8a;font-family: 'Open Sans';font-size: 15px\">De baixo custo, essa lona tem uso que varia de acordo com a necessidade espec\u00edfica. Ela pode, por exemplo, ser utilizada em:<\/span><br style=\"color: #7f7f8a;font-family: 'Open Sans';font-size: 15px\" \/><span style=\"color: #7f7f8a;font-family: 'Open Sans';font-size: 15px\">\u00b7 Prote\u00e7\u00e3o em casos de reformas ou pinturas;<\/span><br style=\"color: #7f7f8a;font-family: 'Open Sans';font-size: 15px\" \/><span style=\"color: #7f7f8a;font-family: 'Open Sans';font-size: 15px\">\u00b7 Manuten\u00e7\u00e3o e prote\u00e7\u00e3o de areia ou cimento em canteiro de obras;<\/span><br style=\"color: #7f7f8a;font-family: 'Open Sans';font-size: 15px\" \/><span style=\"color: #7f7f8a;font-family: 'Open Sans';font-size: 15px\">\u00b7 Uso em m\u00e1quinas diversas;<\/span><br style=\"color: #7f7f8a;font-family: 'Open Sans';font-size: 15px\" \/><span style=\"color: #7f7f8a;font-family: 'Open Sans';font-size: 15px\">\u00b7 Para impermeabiliza\u00e7\u00e3o de solos;<\/span><br style=\"color: #7f7f8a;font-family: 'Open Sans';font-size: 15px\" \/><span style=\"color: #7f7f8a;font-family: 'Open Sans';font-size: 15px\">\u00b7 Para pisos industriais.<\/span><\/p>\n","protected":false},"excerpt":{"rendered":"<p>Lona pretaDe baixo custo, essa lona tem uso que varia de acordo com a necessidade espec\u00edfica. Ela pode, por exemplo, ser utilizada em:\u00b7 Prote\u00e7\u00e3o em casos<span class=\"excerpt-hellip\"> [\u2026]<\/span><\/p>\n","protected":false},"featured_media":692,"template":"","meta":{"_joinchat":[]},"product_brand":[],"product_cat":[35],"product_tag":[],"class_list":{"0":"post-693","1":"product","2":"type-product","3":"status-publish","4":"has-post-thumbnail","6":"product_cat-obras","8":"first","9":"instock","10":"shipping-taxable","11":"purchasable","12":"product-type-simple"},"_links":{"self":[{"href":"https:\/\/casadaluva.com.br\/index\/wp-json\/wp\/v2\/product\/693","targetHints":{"allow":["GET"]}}],"collection":[{"href":"https:\/\/casadaluva.com.br\/index\/wp-json\/wp\/v2\/product"}],"about":[{"href":"https:\/\/casadaluva.com.br\/index\/wp-json\/wp\/v2\/types\/product"}],"wp:featuredmedia":[{"embeddable":true,"href":"https:\/\/casadaluva.com.br\/index\/wp-json\/wp\/v2\/media\/692"}],"wp:attachment":[{"href":"https:\/\/casadaluva.com.br\/index\/wp-json\/wp\/v2\/media?parent=693"}],"wp:term":[{"taxonomy":"product_brand","embeddable":true,"href":"https:\/\/casadaluva.com.br\/index\/wp-json\/wp\/v2\/product_brand?post=693"},{"taxonomy":"product_cat","embeddable":true,"href":"https:\/\/casadaluva.com.br\/index\/wp-json\/wp\/v2\/product_cat?post=693"},{"taxonomy":"product_tag","embeddable":true,"href":"https:\/\/casadaluva.com.br\/index\/wp-json\/wp\/v2\/product_tag?post=693"}],"curies":[{"name":"wp","href":"https:\/\/api.w.org\/{rel}","templated":true}]}}