{"id":710,"date":"2023-11-22T16:30:52","date_gmt":"2023-11-22T19:30:52","guid":{"rendered":"https:\/\/casadaluva.com.br\/index\/produto\/distanciador-para-piso-e-azulejo-3mm-c-100\/"},"modified":"2024-01-04T15:41:15","modified_gmt":"2024-01-04T18:41:15","slug":"distanciador-para-piso-e-azulejo-3mm-c-100","status":"publish","type":"product","link":"https:\/\/casadaluva.com.br\/index\/produto\/distanciador-para-piso-e-azulejo-3mm-c-100\/","title":{"rendered":"DISTANCIADOR PARA PISO E AZULEJO 3MM C\/ 100"},"content":{"rendered":"<p>Espa\u00e7ador De Piso Alinha R\u00e1pido 3,0mm Com 100 Pe\u00e7as.<\/p>\n<p>\u00a0<\/p>\n<p>Descri\u00e7\u00e3o:<\/p>\n<p>O Espa\u00e7ador de Piso Alinha R\u00e1pido 3,0mm \u00e9 a escolha ideal para quem busca praticidade e qualidade na hora de assentar pisos. Composto por 100 pe\u00e7as em cada kit, ele \u00e9 f\u00e1cil de usar e ajuda a manter a dist\u00e2ncia correta entre as pe\u00e7as, garantindo um acabamento perfeito. Al\u00e9m disso, \u00e9 ecologicamente correto, feito com material reciclado. O kit com 10 pacotes \u00e9 perfeito para quem precisa de uma grande quantidade de espa\u00e7adores<\/p>\n","protected":false},"excerpt":{"rendered":"<p>Espa\u00e7ador De Piso Alinha R\u00e1pido 3,0mm Com 100 Pe\u00e7as. \u00a0 Descri\u00e7\u00e3o: O Espa\u00e7ador de Piso Alinha R\u00e1pido 3,0mm \u00e9 a escolha ideal para quem busca praticidade<span class=\"excerpt-hellip\"> [\u2026]<\/span><\/p>\n","protected":false},"featured_media":709,"template":"","meta":{"_joinchat":[]},"product_brand":[],"product_cat":[35],"product_tag":[],"class_list":{"0":"post-710","1":"product","2":"type-product","3":"status-publish","4":"has-post-thumbnail","6":"product_cat-obras","8":"first","9":"instock","10":"shipping-taxable","11":"purchasable","12":"product-type-simple"},"_links":{"self":[{"href":"https:\/\/casadaluva.com.br\/index\/wp-json\/wp\/v2\/product\/710","targetHints":{"allow":["GET"]}}],"collection":[{"href":"https:\/\/casadaluva.com.br\/index\/wp-json\/wp\/v2\/product"}],"about":[{"href":"https:\/\/casadaluva.com.br\/index\/wp-json\/wp\/v2\/types\/product"}],"wp:featuredmedia":[{"embeddable":true,"href":"https:\/\/casadaluva.com.br\/index\/wp-json\/wp\/v2\/media\/709"}],"wp:attachment":[{"href":"https:\/\/casadaluva.com.br\/index\/wp-json\/wp\/v2\/media?parent=710"}],"wp:term":[{"taxonomy":"product_brand","embeddable":true,"href":"https:\/\/casadaluva.com.br\/index\/wp-json\/wp\/v2\/product_brand?post=710"},{"taxonomy":"product_cat","embeddable":true,"href":"https:\/\/casadaluva.com.br\/index\/wp-json\/wp\/v2\/product_cat?post=710"},{"taxonomy":"product_tag","embeddable":true,"href":"https:\/\/casadaluva.com.br\/index\/wp-json\/wp\/v2\/product_tag?post=710"}],"curies":[{"name":"wp","href":"https:\/\/api.w.org\/{rel}","templated":true}]}}