{"id":712,"date":"2023-11-22T16:30:58","date_gmt":"2023-11-22T19:30:58","guid":{"rendered":"https:\/\/casadaluva.com.br\/index\/produto\/capa-de-chuva-amarela-impermeavel-tamanho-gg\/"},"modified":"2025-02-05T16:59:52","modified_gmt":"2025-02-05T19:59:52","slug":"capa-de-chuva-amarela-impermeavel-tamanho-gg","status":"publish","type":"product","link":"https:\/\/casadaluva.com.br\/index\/produto\/capa-de-chuva-amarela-impermeavel-tamanho-gg\/","title":{"rendered":"CAPA DE CHUVA AMARELA IMPERMEAVEL TAMANHO GG"},"content":{"rendered":"<p>Capa de chuva imperme\u00e1vel confeccionada em PVC forrado revestido por trama de poli\u00e9ster.<br \/>Possui mangas compridas, capuz, fechamento frontal atrav\u00e9s de bot\u00f5es de press\u00e3o e costurada atrav\u00e9s de soldas eletr\u00f4nicas.<\/p>\n<p>Testado e aprovado pela Norma BS EN 3546:1977 no laborat\u00f3rio IPT\/FRANCA \u2013 Instituto de Pesquisas tecnol\u00f3gicas.<br \/>Prote\u00e7\u00e3o da cabe\u00e7a, tronco e membros superiores do usu\u00e1rio contra umidade proveniente de opera\u00e7\u00f5es com uso de \u00e1gua.<\/p>\n<p>Utiliza\u00e7\u00e3o: Agricultura, constru\u00e7\u00e3o civil, pesca, trabalhos externos e lazer.<\/p>\n","protected":false},"excerpt":{"rendered":"<p>Capa de chuva imperme\u00e1vel confeccionada em PVC forrado revestido por trama de poli\u00e9ster.Possui mangas compridas, capuz, fechamento frontal atrav\u00e9s de bot\u00f5es de press\u00e3o e costurada atrav\u00e9s<span class=\"excerpt-hellip\"> [\u2026]<\/span><\/p>\n","protected":false},"featured_media":711,"template":"","meta":{"_joinchat":[]},"product_brand":[],"product_cat":[35],"product_tag":[],"class_list":{"0":"post-712","1":"product","2":"type-product","3":"status-publish","4":"has-post-thumbnail","6":"product_cat-obras","8":"first","9":"instock","10":"shipping-taxable","11":"purchasable","12":"product-type-simple"},"_links":{"self":[{"href":"https:\/\/casadaluva.com.br\/index\/wp-json\/wp\/v2\/product\/712","targetHints":{"allow":["GET"]}}],"collection":[{"href":"https:\/\/casadaluva.com.br\/index\/wp-json\/wp\/v2\/product"}],"about":[{"href":"https:\/\/casadaluva.com.br\/index\/wp-json\/wp\/v2\/types\/product"}],"wp:featuredmedia":[{"embeddable":true,"href":"https:\/\/casadaluva.com.br\/index\/wp-json\/wp\/v2\/media\/711"}],"wp:attachment":[{"href":"https:\/\/casadaluva.com.br\/index\/wp-json\/wp\/v2\/media?parent=712"}],"wp:term":[{"taxonomy":"product_brand","embeddable":true,"href":"https:\/\/casadaluva.com.br\/index\/wp-json\/wp\/v2\/product_brand?post=712"},{"taxonomy":"product_cat","embeddable":true,"href":"https:\/\/casadaluva.com.br\/index\/wp-json\/wp\/v2\/product_cat?post=712"},{"taxonomy":"product_tag","embeddable":true,"href":"https:\/\/casadaluva.com.br\/index\/wp-json\/wp\/v2\/product_tag?post=712"}],"curies":[{"name":"wp","href":"https:\/\/api.w.org\/{rel}","templated":true}]}}