{"id":714,"date":"2023-11-22T16:31:02","date_gmt":"2023-11-22T19:31:02","guid":{"rendered":"https:\/\/casadaluva.com.br\/index\/produto\/placa-sinalizadora-piso-molhado\/"},"modified":"2026-04-11T10:21:04","modified_gmt":"2026-04-11T13:21:04","slug":"placa-sinalizadora-piso-molhado","status":"publish","type":"product","link":"https:\/\/casadaluva.com.br\/index\/produto\/placa-sinalizadora-piso-molhado\/","title":{"rendered":"PLACA SINALIZADORA PISO MOLHADO"},"content":{"rendered":"<p>A Placa Sinaliza\u00e7\u00e3o Cavalete De Ch\u00e3o Cuidado Piso Molhado \u00e9 um item essencial para garantir a seguran\u00e7a em ambientes comerciais, industriais e residenciais. Com sua cor amarela vibrante, \u00e9 facilmente vis\u00edvel, alertando as pessoas sobre a presen\u00e7a de pisos molhados e evitando acidentes.<\/p>\n<p>Este modelo Sinalizadora Aten\u00e7\u00e3o Advert\u00eancia \u00e9 pr\u00e1tico e f\u00e1cil de usar. Basta coloc\u00e1-lo no local desejado e ele far\u00e1 o trabalho de alertar as pessoas. Seu design compacto permite que seja facilmente armazenado quando n\u00e3o estiver em uso.<\/p>\n<p>Fabricado com materiais de alta qualidade, este cavalete de sinaliza\u00e7\u00e3o \u00e9 dur\u00e1vel e resistente, capaz de suportar o uso di\u00e1rio em ambientes de alto tr\u00e1fego. O MPN 8233 \u00e9 uma garantia de qualidade e efici\u00eancia.<\/p>\n<p>Invista na seguran\u00e7a e tranquilidade de seus clientes e funcion\u00e1rios com a Placa Sinaliza\u00e7\u00e3o Cavalete De Ch\u00e3o Cuidado Piso Molhado. Um pequeno investimento que pode prevenir grandes problemas.<\/p>\n","protected":false},"excerpt":{"rendered":"<p>A Placa Sinaliza\u00e7\u00e3o Cavalete De Ch\u00e3o Cuidado Piso Molhado \u00e9 um item essencial para garantir a seguran\u00e7a em ambientes comerciais, industriais e residenciais. Com sua cor<span class=\"excerpt-hellip\"> [\u2026]<\/span><\/p>\n","protected":false},"featured_media":875,"template":"","meta":{"_joinchat":[]},"product_brand":[],"product_cat":[35],"product_tag":[],"class_list":{"0":"post-714","1":"product","2":"type-product","3":"status-publish","4":"has-post-thumbnail","6":"product_cat-obras","8":"first","9":"instock","10":"shipping-taxable","11":"purchasable","12":"product-type-simple"},"_links":{"self":[{"href":"https:\/\/casadaluva.com.br\/index\/wp-json\/wp\/v2\/product\/714","targetHints":{"allow":["GET"]}}],"collection":[{"href":"https:\/\/casadaluva.com.br\/index\/wp-json\/wp\/v2\/product"}],"about":[{"href":"https:\/\/casadaluva.com.br\/index\/wp-json\/wp\/v2\/types\/product"}],"wp:featuredmedia":[{"embeddable":true,"href":"https:\/\/casadaluva.com.br\/index\/wp-json\/wp\/v2\/media\/875"}],"wp:attachment":[{"href":"https:\/\/casadaluva.com.br\/index\/wp-json\/wp\/v2\/media?parent=714"}],"wp:term":[{"taxonomy":"product_brand","embeddable":true,"href":"https:\/\/casadaluva.com.br\/index\/wp-json\/wp\/v2\/product_brand?post=714"},{"taxonomy":"product_cat","embeddable":true,"href":"https:\/\/casadaluva.com.br\/index\/wp-json\/wp\/v2\/product_cat?post=714"},{"taxonomy":"product_tag","embeddable":true,"href":"https:\/\/casadaluva.com.br\/index\/wp-json\/wp\/v2\/product_tag?post=714"}],"curies":[{"name":"wp","href":"https:\/\/api.w.org\/{rel}","templated":true}]}}