{"id":718,"date":"2023-11-22T16:31:09","date_gmt":"2023-11-22T19:31:09","guid":{"rendered":"https:\/\/casadaluva.com.br\/index\/produto\/oculos-de-seguranca-transparente-sobrepor\/"},"modified":"2026-03-25T09:15:48","modified_gmt":"2026-03-25T12:15:48","slug":"oculos-de-seguranca-transparente-sobrepor","status":"publish","type":"product","link":"https:\/\/casadaluva.com.br\/index\/produto\/oculos-de-seguranca-transparente-sobrepor\/","title":{"rendered":"OCULOS DE SEGURANCA TRANSPARENTE SOBREPOR"},"content":{"rendered":"<p>Apresentamos o \u00d3culos Prote\u00e7\u00e3o Seguran\u00e7a Epi Sobrepor Anti Risco Incolor, um produto indispens\u00e1vel para a sua seguran\u00e7a no trabalho. Este modelo de \u00f3culos de prote\u00e7\u00e3o \u00e9 feito de policarbonato, um material resistente e dur\u00e1vel, garantindo uma longa vida \u00fatil ao produto.<\/p>\n<p>Com um design moderno e funcional, este \u00f3culos de prote\u00e7\u00e3o \u00e9 ideal para ser usado em diversas atividades, desde servi\u00e7os gerais at\u00e9 constru\u00e7\u00e3o civil. O modelo \u00d3culos Protector Incolor SS \u00e9 unissex, podendo ser usado tanto por homens quanto por mulheres. Al\u00e9m disso, ele \u00e9 transparente, proporcionando uma vis\u00e3o ampla e clara do ambiente de trabalho.<\/p>\n<p>Este produto possui um tratamento de lente anti-risco, o que aumenta ainda mais a sua durabilidade e efici\u00eancia. A prote\u00e7\u00e3o \u00e9 frontal, protegendo os seus olhos de poss\u00edveis acidentes que possam ocorrer durante o trabalho. Este modelo \u00e9 vendido individualmente, sendo uma op\u00e7\u00e3o econ\u00f4mica e de alta qualidade para a sua seguran\u00e7a.<\/p>\n<p>Apesar de n\u00e3o possuir haste ajust\u00e1vel, o \u00d3culos Prote\u00e7\u00e3o Seguran\u00e7a Epi Sobrepor Anti Risco Incolor \u00e9 confort\u00e1vel e se adapta bem ao rosto. Ele \u00e9 ideal para ser usado sobre outros \u00f3culos, sendo uma op\u00e7\u00e3o pr\u00e1tica e segura para quem j\u00e1 utiliza \u00f3culos de grau. Proteja-se e garanta a sua seguran\u00e7a no trabalho com este \u00f3culos de prote\u00e7\u00e3o de alta qualidade.<\/p>\n","protected":false},"excerpt":{"rendered":"<p>Apresentamos o \u00d3culos Prote\u00e7\u00e3o Seguran\u00e7a Epi Sobrepor Anti Risco Incolor, um produto indispens\u00e1vel para a sua seguran\u00e7a no trabalho. Este modelo de \u00f3culos de prote\u00e7\u00e3o \u00e9<span class=\"excerpt-hellip\"> [\u2026]<\/span><\/p>\n","protected":false},"featured_media":717,"template":"","meta":{"_joinchat":[]},"product_brand":[],"product_cat":[35],"product_tag":[],"class_list":{"0":"post-718","1":"product","2":"type-product","3":"status-publish","4":"has-post-thumbnail","6":"product_cat-obras","8":"first","9":"outofstock","10":"shipping-taxable","11":"purchasable","12":"product-type-simple"},"_links":{"self":[{"href":"https:\/\/casadaluva.com.br\/index\/wp-json\/wp\/v2\/product\/718","targetHints":{"allow":["GET"]}}],"collection":[{"href":"https:\/\/casadaluva.com.br\/index\/wp-json\/wp\/v2\/product"}],"about":[{"href":"https:\/\/casadaluva.com.br\/index\/wp-json\/wp\/v2\/types\/product"}],"wp:featuredmedia":[{"embeddable":true,"href":"https:\/\/casadaluva.com.br\/index\/wp-json\/wp\/v2\/media\/717"}],"wp:attachment":[{"href":"https:\/\/casadaluva.com.br\/index\/wp-json\/wp\/v2\/media?parent=718"}],"wp:term":[{"taxonomy":"product_brand","embeddable":true,"href":"https:\/\/casadaluva.com.br\/index\/wp-json\/wp\/v2\/product_brand?post=718"},{"taxonomy":"product_cat","embeddable":true,"href":"https:\/\/casadaluva.com.br\/index\/wp-json\/wp\/v2\/product_cat?post=718"},{"taxonomy":"product_tag","embeddable":true,"href":"https:\/\/casadaluva.com.br\/index\/wp-json\/wp\/v2\/product_tag?post=718"}],"curies":[{"name":"wp","href":"https:\/\/api.w.org\/{rel}","templated":true}]}}