{"id":727,"date":"2023-11-22T16:36:16","date_gmt":"2023-11-22T19:36:16","guid":{"rendered":"https:\/\/casadaluva.com.br\/index\/produto\/luva-de-vinil-talge-sem-po-c-100-tamanho-m\/"},"modified":"2026-04-11T10:13:53","modified_gmt":"2026-04-11T13:13:53","slug":"luva-de-vinil-talge-sem-po-c-100-tamanho-m","status":"publish","type":"product","link":"https:\/\/casadaluva.com.br\/index\/produto\/luva-de-vinil-talge-sem-po-c-100-tamanho-m\/","title":{"rendered":"LUVA DE VINIL TALGE SEM PO C\/ 100 TAMANHO M"},"content":{"rendered":"<p>As luvas descart\u00e1veis da Talge s\u00e3o seguras para muitas aplica\u00e7\u00f5es: sa\u00fade, ind\u00fastria, manuseio de alimentos, limpeza e muito mais. Elas protegem suas m\u00e3os e permitem que voc\u00ea trabalhe com seguran\u00e7a. Al\u00e9m disso, previnem doen\u00e7as e protegem voc\u00ea do contato direto com todos os materiais nocivos.<\/p>\n<p>Luvas de vinil descart\u00e1veis<br \/>As luvas de vinil descart\u00e1veis s\u00e3o luvas sem l\u00e1tex e sem aceleradores qu\u00edmicos, muito \u00fateis para evitar problemas de alergia. Elas oferecem boa prote\u00e7\u00e3o e s\u00e3o resistentes a uma ampla variedade de contaminantes. Geralmente, s\u00e3o usadas para tarefas de curto prazo, com pouca exposi\u00e7\u00e3o ao sangue ou a qualquer outro risco biol\u00f3gico.<\/p>\n<p>Hipoalerg\u00eanicas<br \/>Essas luvas s\u00e3o ideais para pessoas com hipersensibilidade cut\u00e2nea.<\/p>\n","protected":false},"excerpt":{"rendered":"<p>As luvas descart\u00e1veis da Talge s\u00e3o seguras para muitas aplica\u00e7\u00f5es: sa\u00fade, ind\u00fastria, manuseio de alimentos, limpeza e muito mais. Elas protegem suas m\u00e3os e permitem que<span class=\"excerpt-hellip\"> [\u2026]<\/span><\/p>\n","protected":false},"featured_media":896,"template":"","meta":{"_joinchat":[]},"product_brand":[],"product_cat":[35],"product_tag":[],"class_list":{"0":"post-727","1":"product","2":"type-product","3":"status-publish","4":"has-post-thumbnail","6":"product_cat-obras","8":"first","9":"instock","10":"shipping-taxable","11":"purchasable","12":"product-type-simple"},"_links":{"self":[{"href":"https:\/\/casadaluva.com.br\/index\/wp-json\/wp\/v2\/product\/727","targetHints":{"allow":["GET"]}}],"collection":[{"href":"https:\/\/casadaluva.com.br\/index\/wp-json\/wp\/v2\/product"}],"about":[{"href":"https:\/\/casadaluva.com.br\/index\/wp-json\/wp\/v2\/types\/product"}],"wp:featuredmedia":[{"embeddable":true,"href":"https:\/\/casadaluva.com.br\/index\/wp-json\/wp\/v2\/media\/896"}],"wp:attachment":[{"href":"https:\/\/casadaluva.com.br\/index\/wp-json\/wp\/v2\/media?parent=727"}],"wp:term":[{"taxonomy":"product_brand","embeddable":true,"href":"https:\/\/casadaluva.com.br\/index\/wp-json\/wp\/v2\/product_brand?post=727"},{"taxonomy":"product_cat","embeddable":true,"href":"https:\/\/casadaluva.com.br\/index\/wp-json\/wp\/v2\/product_cat?post=727"},{"taxonomy":"product_tag","embeddable":true,"href":"https:\/\/casadaluva.com.br\/index\/wp-json\/wp\/v2\/product_tag?post=727"}],"curies":[{"name":"wp","href":"https:\/\/api.w.org\/{rel}","templated":true}]}}