{"id":874,"date":"2024-01-04T15:30:06","date_gmt":"2024-01-04T18:30:06","guid":{"rendered":"https:\/\/casadaluva.com.br\/index\/produto\/adesivo-veda-calha-branco-280g\/"},"modified":"2024-01-04T15:48:38","modified_gmt":"2024-01-04T18:48:38","slug":"adesivo-veda-calha-branco-280g","status":"publish","type":"product","link":"https:\/\/casadaluva.com.br\/index\/produto\/adesivo-veda-calha-branco-280g\/","title":{"rendered":"ADESIVO VEDA CALHA BRANCO 280G"},"content":{"rendered":"<p>VEDA CALHA ALUM\u00cdNIO<br \/>\u00c9 indicado para uni\u00e3o e veda\u00e7\u00e3o de Calhas, Rufos, Telhas, Pingadeiras, Galvanizados, Fibrocimento, entre outros.<\/p>\n<p>CARACTER\u00cdSTICAS:<\/p>\n<p>\u00c9 um l\u00edquido ultra viscoso que se aplica direta e facilmente sobre as superf\u00edcies a serem unidas e soldadas, promovendo uma perfeita veda\u00e7\u00e3o. O Veda Calha \u00e9 super resistente \u00e0 \u00e1gua, \u00f3leos convencionais e ao oz\u00f4nio. Proporciona montagens de melhor desempenho com qualidade e aumento da vida \u00fatil, significando uma boa redu\u00e7\u00e3o de custos. Oferece grande resist\u00eancia na desmontagem.<\/p>\n","protected":false},"excerpt":{"rendered":"<p>VEDA CALHA ALUM\u00cdNIO\u00c9 indicado para uni\u00e3o e veda\u00e7\u00e3o de Calhas, Rufos, Telhas, Pingadeiras, Galvanizados, Fibrocimento, entre outros. CARACTER\u00cdSTICAS: \u00c9 um l\u00edquido ultra viscoso que se aplica<span class=\"excerpt-hellip\"> [\u2026]<\/span><\/p>\n","protected":false},"featured_media":898,"template":"","meta":{"_joinchat":[]},"product_brand":[],"product_cat":[35],"product_tag":[],"class_list":{"0":"post-874","1":"product","2":"type-product","3":"status-publish","4":"has-post-thumbnail","6":"product_cat-obras","8":"first","9":"outofstock","10":"shipping-taxable","11":"purchasable","12":"product-type-simple"},"_links":{"self":[{"href":"https:\/\/casadaluva.com.br\/index\/wp-json\/wp\/v2\/product\/874","targetHints":{"allow":["GET"]}}],"collection":[{"href":"https:\/\/casadaluva.com.br\/index\/wp-json\/wp\/v2\/product"}],"about":[{"href":"https:\/\/casadaluva.com.br\/index\/wp-json\/wp\/v2\/types\/product"}],"wp:featuredmedia":[{"embeddable":true,"href":"https:\/\/casadaluva.com.br\/index\/wp-json\/wp\/v2\/media\/898"}],"wp:attachment":[{"href":"https:\/\/casadaluva.com.br\/index\/wp-json\/wp\/v2\/media?parent=874"}],"wp:term":[{"taxonomy":"product_brand","embeddable":true,"href":"https:\/\/casadaluva.com.br\/index\/wp-json\/wp\/v2\/product_brand?post=874"},{"taxonomy":"product_cat","embeddable":true,"href":"https:\/\/casadaluva.com.br\/index\/wp-json\/wp\/v2\/product_cat?post=874"},{"taxonomy":"product_tag","embeddable":true,"href":"https:\/\/casadaluva.com.br\/index\/wp-json\/wp\/v2\/product_tag?post=874"}],"curies":[{"name":"wp","href":"https:\/\/api.w.org\/{rel}","templated":true}]}}