{"id":915,"date":"2024-05-07T11:50:05","date_gmt":"2024-05-07T14:50:05","guid":{"rendered":"https:\/\/casadaluva.com.br\/index\/produto\/luva-de-latex-talge-tamanho-pp\/"},"modified":"2025-07-25T11:10:33","modified_gmt":"2025-07-25T14:10:33","slug":"luva-de-latex-talge-tamanho-pp","status":"publish","type":"product","link":"https:\/\/casadaluva.com.br\/index\/produto\/luva-de-latex-talge-tamanho-pp\/","title":{"rendered":"LUVA DE LATEX TALGE TAMANHO PP"},"content":{"rendered":"<div class=\"elementor-element elementor-element-10f0f2a6 elementor-widget elementor-widget-woocommerce-product-title elementor-page-title elementor-widget-heading\" data-id=\"10f0f2a6\" data-element_type=\"widget\" data-widget_type=\"woocommerce-product-title.default\" style=\"--flex-direction: initial;--flex-wrap: initial;--justify-content: initial;--align-items: initial;--align-content: initial;--gap: initial;--flex-basis: initial;--flex-grow: initial;--flex-shrink: initial;--order: initial;--align-self: initial;flex-basis: var(--flex-basis);flex-grow: var(--flex-grow);flex-shrink: var(--flex-shrink);align-self: var(--align-self);flex-direction: var(--flex-direction);flex-wrap: var(--flex-wrap);justify-content: var(--justify-content);align-items: var(--align-items);align-content: var(--align-content);gap: var(--gap);position: relative;--swiper-theme-color: #000;--swiper-navigation-size: 44px;--swiper-pagination-bullet-size: 6px;--swiper-pagination-bullet-horizontal-gap: 6px;--widgets-spacing: 20px;width: 430px;margin-bottom: 20px;color: #333333;font-family: Neue-Frutiger-Com-Regular, sans-serif\">\n<div class=\"elementor-widget-container\">\n<h1 class=\"product_title entry-title elementor-heading-title elementor-size-default\" style=\"margin: 0px;font-family: 'Maven Pro', sans-serif;line-height: 1;color: var(--e-global-color-text);font-size: 32px;padding: 0px;clear: none\">Luva de L\u00e1tex com p\u00f3<\/h1>\n<\/div>\n<\/div>\n<div class=\"elementor-element elementor-element-75631d4b elementor-widget elementor-widget-woocommerce-product-short-description\" data-id=\"75631d4b\" data-element_type=\"widget\" data-widget_type=\"woocommerce-product-short-description.default\" style=\"--flex-direction: initial;--flex-wrap: initial;--justify-content: initial;--align-items: initial;--align-content: initial;--gap: initial;--flex-basis: initial;--flex-grow: initial;--flex-shrink: initial;--order: initial;--align-self: initial;flex-basis: var(--flex-basis);flex-grow: var(--flex-grow);flex-shrink: var(--flex-shrink);align-self: var(--align-self);flex-direction: var(--flex-direction);flex-wrap: var(--flex-wrap);justify-content: var(--justify-content);align-items: var(--align-items);align-content: var(--align-content);gap: var(--gap);position: relative;--swiper-theme-color: #000;--swiper-navigation-size: 44px;--swiper-pagination-bullet-size: 6px;--swiper-pagination-bullet-horizontal-gap: 6px;--widgets-spacing: 20px;width: 430px;margin-bottom: 20px;color: #333333;font-family: Neue-Frutiger-Com-Regular, sans-serif\">\n<div class=\"elementor-widget-container\" style=\"margin: 0px\">\n<div class=\"woocommerce-product-details__short-description\">\n<p style=\"margin-bottom: 0.9rem\">Luva de seguran\u00e7a para prote\u00e7\u00e3o das m\u00e3os confeccionada em borracha natural (l\u00e1tex), na cor natural, com p\u00f3, com bainha e n\u00e3o est\u00e9reis. Moldagem ambidestra, palma, dedos e dorso lisos. Uso \u00fanico<\/p>\n<\/div>\n<\/div>\n<\/div>\n","protected":false},"excerpt":{"rendered":"<p>Luva de L\u00e1tex com p\u00f3 Luva de seguran\u00e7a para prote\u00e7\u00e3o das m\u00e3os confeccionada em borracha natural (l\u00e1tex), na cor natural, com p\u00f3, com bainha e n\u00e3o<span class=\"excerpt-hellip\"> [\u2026]<\/span><\/p>\n","protected":false},"featured_media":914,"template":"","meta":{"_joinchat":[]},"product_brand":[],"product_cat":[19],"product_tag":[],"class_list":{"0":"post-915","1":"product","2":"type-product","3":"status-publish","4":"has-post-thumbnail","6":"product_cat-luvas","8":"first","9":"instock","10":"shipping-taxable","11":"purchasable","12":"product-type-simple"},"_links":{"self":[{"href":"https:\/\/casadaluva.com.br\/index\/wp-json\/wp\/v2\/product\/915","targetHints":{"allow":["GET"]}}],"collection":[{"href":"https:\/\/casadaluva.com.br\/index\/wp-json\/wp\/v2\/product"}],"about":[{"href":"https:\/\/casadaluva.com.br\/index\/wp-json\/wp\/v2\/types\/product"}],"wp:featuredmedia":[{"embeddable":true,"href":"https:\/\/casadaluva.com.br\/index\/wp-json\/wp\/v2\/media\/914"}],"wp:attachment":[{"href":"https:\/\/casadaluva.com.br\/index\/wp-json\/wp\/v2\/media?parent=915"}],"wp:term":[{"taxonomy":"product_brand","embeddable":true,"href":"https:\/\/casadaluva.com.br\/index\/wp-json\/wp\/v2\/product_brand?post=915"},{"taxonomy":"product_cat","embeddable":true,"href":"https:\/\/casadaluva.com.br\/index\/wp-json\/wp\/v2\/product_cat?post=915"},{"taxonomy":"product_tag","embeddable":true,"href":"https:\/\/casadaluva.com.br\/index\/wp-json\/wp\/v2\/product_tag?post=915"}],"curies":[{"name":"wp","href":"https:\/\/api.w.org\/{rel}","templated":true}]}}